{"id":453,"date":"2024-10-05T11:02:16","date_gmt":"2024-10-05T03:02:16","guid":{"rendered":"https:\/\/keep-win.cn\/?post_type=product&#038;p=453"},"modified":"2025-05-10T11:06:08","modified_gmt":"2025-05-10T03:06:08","slug":"compresseur-dazote-a-membrane","status":"publish","type":"product","link":"https:\/\/www.keep-win.com\/fr\/compresseur-dazote-a-membrane\/","title":{"rendered":"G\u00e9n\u00e9rateur d'azote Compresseur Booster"},"content":{"rendered":"","protected":false},"excerpt":{"rendered":"<p>Les compresseurs g\u00e9n\u00e9rateurs d'azote offrent une solution fiable, efficace et rentable pour produire de l'azote de haute puret\u00e9. Leur polyvalence et leur facilit\u00e9 d'utilisation les destinent \u00e0 une large gamme d'applications dans divers secteurs.<\/p>","protected":false},"featured_media":591,"comment_status":"open","ping_status":"closed","template":"","meta":[],"product_brand":[],"product_cat":[35],"product_tag":[],"class_list":{"0":"post-453","1":"product","2":"type-product","3":"status-publish","4":"has-post-thumbnail","6":"product_cat-nitrogen-generator-compressor-booster","8":"first","9":"instock","10":"shipping-taxable","11":"product-type-simple"},"yoast_head":"<!-- This site is optimized with the Yoast SEO Premium plugin v24.4 (Yoast SEO v25.4) - https:\/\/yoast.com\/wordpress\/plugins\/seo\/ -->\n<title>China Supplier &amp; manufacturers Nitrogen Generator Compressor Booster - Keepwin | Indurstrial Gas Compressor | Diaphragm Compressor | Piston Air Compressor<\/title>\n<meta name=\"description\" content=\"A membrane nitrogen compressor is a specialized piece of equipment designed to produce nitrogen gas from compressed air through a polymeric membrane.\" \/>\n<meta name=\"robots\" content=\"index, follow, max-snippet:-1, max-image-preview:large, max-video-preview:-1\" \/>\n<link rel=\"canonical\" href=\"https:\/\/www.keep-win.com\/fr\/compresseur-dazote-a-membrane\/\" \/>\n<meta property=\"og:locale\" content=\"fr_FR\" \/>\n<meta property=\"og:type\" content=\"article\" \/>\n<meta property=\"og:title\" content=\"Nitrogen Generator Compressor Booster\" \/>\n<meta property=\"og:description\" content=\"A membrane nitrogen compressor is a specialized piece of equipment designed to produce nitrogen gas from compressed air through a polymeric membrane.\" \/>\n<meta property=\"og:url\" content=\"https:\/\/www.keep-win.com\/fr\/compresseur-dazote-a-membrane\/\" \/>\n<meta property=\"og:site_name\" content=\"Keepwin | Indurstrial Gas Compressor | Diaphragm Compressor | Piston Air Compressor\" \/>\n<meta property=\"article:modified_time\" content=\"2025-05-10T03:06:08+00:00\" \/>\n<meta property=\"og:image\" content=\"https:\/\/www.keep-win.com\/wp-content\/uploads\/2024\/10\/membrane-compressor1-\u62f7\u8d1d.png\" \/>\n\t<meta property=\"og:image:width\" content=\"1000\" \/>\n\t<meta property=\"og:image:height\" content=\"1000\" \/>\n\t<meta property=\"og:image:type\" content=\"image\/png\" \/>\n<meta name=\"twitter:card\" content=\"summary_large_image\" \/>\n<meta name=\"twitter:label1\" content=\"Prix\" \/>\n\t<meta name=\"twitter:data1\" content=\"\" \/>\n\t<meta name=\"twitter:label2\" content=\"Disponibilit\u00e9\" \/>\n\t<meta name=\"twitter:data2\" content=\"En stock\" \/>\n<script type=\"application\/ld+json\" class=\"yoast-schema-graph\">{\"@context\":\"https:\/\/schema.org\",\"@graph\":[{\"@type\":\"WebPage\",\"@id\":\"https:\/\/www.keep-win.com\/de\/membran-stickstoffkompressor\/\",\"url\":\"https:\/\/www.keep-win.com\/de\/membran-stickstoffkompressor\/\",\"name\":\"China Supplier & manufacturers Nitrogen Generator Compressor Booster - Keepwin | Indurstrial Gas Compressor | Diaphragm Compressor | Piston Air Compressor\",\"isPartOf\":{\"@id\":\"https:\/\/www.keep-win.com\/#website\"},\"primaryImageOfPage\":{\"@id\":\"https:\/\/www.keep-win.com\/de\/membran-stickstoffkompressor\/#primaryimage\"},\"image\":{\"@id\":\"https:\/\/www.keep-win.com\/de\/membran-stickstoffkompressor\/#primaryimage\"},\"thumbnailUrl\":\"https:\/\/www.keep-win.com\/wp-content\/uploads\/2024\/10\/membrane-compressor1-\u62f7\u8d1d.png\",\"datePublished\":\"2024-10-05T03:02:16+00:00\",\"dateModified\":\"2025-05-10T03:06:08+00:00\",\"description\":\"A membrane nitrogen compressor is a specialized piece of equipment designed to produce nitrogen gas from compressed air through a polymeric membrane.\",\"breadcrumb\":{\"@id\":\"https:\/\/www.keep-win.com\/de\/membran-stickstoffkompressor\/#breadcrumb\"},\"inLanguage\":\"fr-FR\",\"potentialAction\":[{\"@type\":\"ReadAction\",\"target\":[\"https:\/\/www.keep-win.com\/de\/membran-stickstoffkompressor\/\"]}]},{\"@type\":\"ImageObject\",\"inLanguage\":\"fr-FR\",\"@id\":\"https:\/\/www.keep-win.com\/de\/membran-stickstoffkompressor\/#primaryimage\",\"url\":\"https:\/\/www.keep-win.com\/wp-content\/uploads\/2024\/10\/membrane-compressor1-\u62f7\u8d1d.png\",\"contentUrl\":\"https:\/\/www.keep-win.com\/wp-content\/uploads\/2024\/10\/membrane-compressor1-\u62f7\u8d1d.png\",\"width\":1000,\"height\":1000},{\"@type\":\"BreadcrumbList\",\"@id\":\"https:\/\/www.keep-win.com\/de\/membran-stickstoffkompressor\/#breadcrumb\",\"itemListElement\":[{\"@type\":\"ListItem\",\"position\":1,\"name\":\"Home\",\"item\":\"https:\/\/www.keep-win.com\/\"},{\"@type\":\"ListItem\",\"position\":2,\"name\":\"Produkte\",\"item\":\"https:\/\/www.keep-win.com\/de\/shop\/\"},{\"@type\":\"ListItem\",\"position\":3,\"name\":\"Nitrogen Generator Compressor Booster\"}]},{\"@type\":\"WebSite\",\"@id\":\"https:\/\/www.keep-win.com\/#website\",\"url\":\"https:\/\/www.keep-win.com\/\",\"name\":\"Keepwin Compressor | Indurstrial Gas Compressor | Screw Air Compressor | Piston Air Compressor\",\"description\":\"Nitrogen Compressor Natural Comrpessor Reciprocating compressors\",\"publisher\":{\"@id\":\"https:\/\/www.keep-win.com\/#organization\"},\"potentialAction\":[{\"@type\":\"SearchAction\",\"target\":{\"@type\":\"EntryPoint\",\"urlTemplate\":\"https:\/\/www.keep-win.com\/?s={search_term_string}\"},\"query-input\":{\"@type\":\"PropertyValueSpecification\",\"valueRequired\":true,\"valueName\":\"search_term_string\"}}],\"inLanguage\":\"fr-FR\"},{\"@type\":\"Organization\",\"@id\":\"https:\/\/www.keep-win.com\/#organization\",\"name\":\"Keepwin Compressor | Indurstrial Gas Compressor | Screw Air Compressor | Piston Air Compressor\",\"url\":\"https:\/\/www.keep-win.com\/\",\"logo\":{\"@type\":\"ImageObject\",\"inLanguage\":\"fr-FR\",\"@id\":\"https:\/\/www.keep-win.com\/#\/schema\/logo\/image\/\",\"url\":\"https:\/\/keep-win.com\/wp-content\/uploads\/2024\/10\/20241119.png\",\"contentUrl\":\"https:\/\/keep-win.com\/wp-content\/uploads\/2024\/10\/20241119.png\",\"width\":1909,\"height\":736,\"caption\":\"Keepwin Compressor | Indurstrial Gas Compressor | Screw Air Compressor | Piston Air Compressor\"},\"image\":{\"@id\":\"https:\/\/www.keep-win.com\/#\/schema\/logo\/image\/\"}}]}<\/script>\n<meta property=\"product:price:amount\" content=\"0.00\" \/>\n<meta property=\"product:price:currency\" content=\"USD\" \/>\n<meta property=\"og:availability\" content=\"instock\" \/>\n<meta property=\"product:availability\" content=\"instock\" \/>\n<meta property=\"product:condition\" content=\"new\" \/>\n<!-- \/ Yoast SEO Premium plugin. -->","yoast_head_json":{"title":"China Supplier & manufacturers Nitrogen Generator Compressor Booster - Keepwin | Indurstrial Gas Compressor | Diaphragm Compressor | Piston Air Compressor","description":"A membrane nitrogen compressor is a specialized piece of equipment designed to produce nitrogen gas from compressed air through a polymeric membrane.","robots":{"index":"index","follow":"follow","max-snippet":"max-snippet:-1","max-image-preview":"max-image-preview:large","max-video-preview":"max-video-preview:-1"},"canonical":"https:\/\/www.keep-win.com\/fr\/compresseur-dazote-a-membrane\/","og_locale":"fr_FR","og_type":"article","og_title":"Nitrogen Generator Compressor Booster","og_description":"A membrane nitrogen compressor is a specialized piece of equipment designed to produce nitrogen gas from compressed air through a polymeric membrane.","og_url":"https:\/\/www.keep-win.com\/fr\/compresseur-dazote-a-membrane\/","og_site_name":"Keepwin | Indurstrial Gas Compressor | Diaphragm Compressor | Piston Air Compressor","article_modified_time":"2025-05-10T03:06:08+00:00","og_image":[{"width":1000,"height":1000,"url":"https:\/\/www.keep-win.com\/wp-content\/uploads\/2024\/10\/membrane-compressor1-\u62f7\u8d1d.png","type":"image\/png"}],"twitter_card":"summary_large_image","twitter_misc":{"Prix":"","Disponibilit\u00e9":"En stock"},"schema":{"@context":"https:\/\/schema.org","@graph":[{"@type":"WebPage","@id":"https:\/\/www.keep-win.com\/de\/membran-stickstoffkompressor\/","url":"https:\/\/www.keep-win.com\/de\/membran-stickstoffkompressor\/","name":"China Supplier & manufacturers Nitrogen Generator Compressor Booster - Keepwin | Indurstrial Gas Compressor | Diaphragm Compressor | Piston Air Compressor","isPartOf":{"@id":"https:\/\/www.keep-win.com\/#website"},"primaryImageOfPage":{"@id":"https:\/\/www.keep-win.com\/de\/membran-stickstoffkompressor\/#primaryimage"},"image":{"@id":"https:\/\/www.keep-win.com\/de\/membran-stickstoffkompressor\/#primaryimage"},"thumbnailUrl":"https:\/\/www.keep-win.com\/wp-content\/uploads\/2024\/10\/membrane-compressor1-\u62f7\u8d1d.png","datePublished":"2024-10-05T03:02:16+00:00","dateModified":"2025-05-10T03:06:08+00:00","description":"A membrane nitrogen compressor is a specialized piece of equipment designed to produce nitrogen gas from compressed air through a polymeric membrane.","breadcrumb":{"@id":"https:\/\/www.keep-win.com\/de\/membran-stickstoffkompressor\/#breadcrumb"},"inLanguage":"fr-FR","potentialAction":[{"@type":"ReadAction","target":["https:\/\/www.keep-win.com\/de\/membran-stickstoffkompressor\/"]}]},{"@type":"ImageObject","inLanguage":"fr-FR","@id":"https:\/\/www.keep-win.com\/de\/membran-stickstoffkompressor\/#primaryimage","url":"https:\/\/www.keep-win.com\/wp-content\/uploads\/2024\/10\/membrane-compressor1-\u62f7\u8d1d.png","contentUrl":"https:\/\/www.keep-win.com\/wp-content\/uploads\/2024\/10\/membrane-compressor1-\u62f7\u8d1d.png","width":1000,"height":1000},{"@type":"BreadcrumbList","@id":"https:\/\/www.keep-win.com\/de\/membran-stickstoffkompressor\/#breadcrumb","itemListElement":[{"@type":"ListItem","position":1,"name":"Home","item":"https:\/\/www.keep-win.com\/"},{"@type":"ListItem","position":2,"name":"Produkte","item":"https:\/\/www.keep-win.com\/de\/shop\/"},{"@type":"ListItem","position":3,"name":"Nitrogen Generator Compressor Booster"}]},{"@type":"WebSite","@id":"https:\/\/www.keep-win.com\/#website","url":"https:\/\/www.keep-win.com\/","name":"Keepwin Compressor | Indurstrial Gas Compressor | Screw Air Compressor | Piston Air Compressor","description":"Nitrogen Compressor Natural Comrpessor Reciprocating compressors","publisher":{"@id":"https:\/\/www.keep-win.com\/#organization"},"potentialAction":[{"@type":"SearchAction","target":{"@type":"EntryPoint","urlTemplate":"https:\/\/www.keep-win.com\/?s={search_term_string}"},"query-input":{"@type":"PropertyValueSpecification","valueRequired":true,"valueName":"search_term_string"}}],"inLanguage":"fr-FR"},{"@type":"Organization","@id":"https:\/\/www.keep-win.com\/#organization","name":"Keepwin Compressor | Indurstrial Gas Compressor | Screw Air Compressor | Piston Air Compressor","url":"https:\/\/www.keep-win.com\/","logo":{"@type":"ImageObject","inLanguage":"fr-FR","@id":"https:\/\/www.keep-win.com\/#\/schema\/logo\/image\/","url":"https:\/\/keep-win.com\/wp-content\/uploads\/2024\/10\/20241119.png","contentUrl":"https:\/\/keep-win.com\/wp-content\/uploads\/2024\/10\/20241119.png","width":1909,"height":736,"caption":"Keepwin Compressor | Indurstrial Gas Compressor | Screw Air Compressor | Piston Air Compressor"},"image":{"@id":"https:\/\/www.keep-win.com\/#\/schema\/logo\/image\/"}}]},"product_price_amount":"0.00","product_price_currency":"USD","og_availability":"instock","product_availability":"instock","product_condition":"new"},"_links":{"self":[{"href":"https:\/\/www.keep-win.com\/fr\/wp-json\/wp\/v2\/product\/453","targetHints":{"allow":["GET"]}}],"collection":[{"href":"https:\/\/www.keep-win.com\/fr\/wp-json\/wp\/v2\/product"}],"about":[{"href":"https:\/\/www.keep-win.com\/fr\/wp-json\/wp\/v2\/types\/product"}],"replies":[{"embeddable":true,"href":"https:\/\/www.keep-win.com\/fr\/wp-json\/wp\/v2\/comments?post=453"}],"wp:featuredmedia":[{"embeddable":true,"href":"https:\/\/www.keep-win.com\/fr\/wp-json\/wp\/v2\/media\/591"}],"wp:attachment":[{"href":"https:\/\/www.keep-win.com\/fr\/wp-json\/wp\/v2\/media?parent=453"}],"wp:term":[{"taxonomy":"product_brand","embeddable":true,"href":"https:\/\/www.keep-win.com\/fr\/wp-json\/wp\/v2\/product_brand?post=453"},{"taxonomy":"product_cat","embeddable":true,"href":"https:\/\/www.keep-win.com\/fr\/wp-json\/wp\/v2\/product_cat?post=453"},{"taxonomy":"product_tag","embeddable":true,"href":"https:\/\/www.keep-win.com\/fr\/wp-json\/wp\/v2\/product_tag?post=453"}],"curies":[{"name":"wp","href":"https:\/\/api.w.org\/{rel}","templated":true}]}}