{"id":1347,"date":"2024-11-07T21:51:21","date_gmt":"2024-11-07T13:51:21","guid":{"rendered":"https:\/\/keep-win.com\/?page_id=1347"},"modified":"2024-11-15T17:16:39","modified_gmt":"2024-11-15T09:16:39","slug":"exposition","status":"publish","type":"page","link":"https:\/\/www.keep-win.com\/fr\/contactez-nous\/exposition\/","title":{"rendered":"Exposition"},"content":{"rendered":"<div data-elementor-type=\"wp-page\" data-elementor-id=\"1347\" class=\"elementor elementor-1347\" data-elementor-post-type=\"page\">\n\t\t\t\t<div class=\"elementor-element elementor-element-60ddd07 e-con-full e-flex e-con e-parent\" data-id=\"60ddd07\" data-element_type=\"container\" data-settings=\"{&quot;background_background&quot;:&quot;classic&quot;}\">\n\t\t\t\t<\/div>\n\t\t<div class=\"elementor-element elementor-element-2e2f69f8 e-flex e-con-boxed e-con e-parent\" data-id=\"2e2f69f8\" data-element_type=\"container\">\n\t\t\t\t\t<div class=\"e-con-inner\">\n\t\t<div class=\"elementor-element elementor-element-7599fe2 e-con-full e-flex e-con e-child\" data-id=\"7599fe2\" data-element_type=\"container\">\n\t\t\t\t<div class=\"elementor-element elementor-element-a75dfbb elementor-widget elementor-widget-heading\" data-id=\"a75dfbb\" data-element_type=\"widget\" data-widget_type=\"heading.default\">\n\t\t\t\t<div class=\"elementor-widget-container\">\n\t\t\t\t\t<h2 class=\"elementor-heading-title elementor-size-default\">avoir une communication face \u00e0 face<\/h2>\t\t\t\t<\/div>\n\t\t\t\t<\/div>\n\t\t\t\t<\/div>\n\t\t\t\t<div class=\"elementor-element elementor-element-7406be88 elementor-widget elementor-widget-text-editor\" data-id=\"7406be88\" data-element_type=\"widget\" data-widget_type=\"text-editor.default\">\n\t\t\t\t<div class=\"elementor-widget-container\">\n\t\t\t\t\t\t\t\t\t<p style=\"text-align: left;\">Vous souhaitez discuter de vos d\u00e9fis en mati\u00e8re de compression de gaz en face \u00e0 face ? Rejoignez-nous lors d'une exposition et trouvons ensemble la solution id\u00e9ale. Nos experts sont pr\u00eats \u00e0 vous fournir des recommandations personnalis\u00e9es adapt\u00e9es \u00e0 vos besoins sp\u00e9cifiques. Ne manquez pas cette occasion de nous rencontrer et de d\u00e9couvrir nos derni\u00e8res innovations.<\/p>\t\t\t\t\t\t\t\t<\/div>\n\t\t\t\t<\/div>\n\t\t\t\t\t<\/div>\n\t\t\t\t<\/div>\n\t\t<div class=\"elementor-element elementor-element-31d3616 e-flex e-con-boxed e-con e-parent\" data-id=\"31d3616\" data-element_type=\"container\">\n\t\t\t\t\t<div class=\"e-con-inner\">\n\t\t<div class=\"elementor-element elementor-element-8d5b339 e-grid e-con-full e-con e-child\" data-id=\"8d5b339\" data-element_type=\"container\">\n\t\t\t\t<div class=\"elementor-element elementor-element-0236740 elementor-position-left elementor-vertical-align-top elementor-widget elementor-widget-image-box\" data-id=\"0236740\" data-element_type=\"widget\" data-widget_type=\"image-box.default\">\n\t\t\t\t<div class=\"elementor-widget-container\">\n\t\t\t\t\t<div class=\"elementor-image-box-wrapper\"><figure class=\"elementor-image-box-img\"><img fetchpriority=\"high\" decoding=\"async\" width=\"278\" height=\"312\" src=\"https:\/\/www.keep-win.com\/wp-content\/uploads\/2024\/11\/Hannover.png\" class=\"attachment-full size-full wp-image-1362\" alt=\"\" srcset=\"https:\/\/www.keep-win.com\/wp-content\/uploads\/2024\/11\/Hannover.png 278w, https:\/\/www.keep-win.com\/wp-content\/uploads\/2024\/11\/Hannover-267x300.png 267w\" sizes=\"(max-width: 278px) 100vw, 278px\" \/><\/figure><div class=\"elementor-image-box-content\"><h3 class=\"elementor-image-box-title\">HANNOVER MESSE<\/h3><p class=\"elementor-image-box-description\">Allemagne Salon de l'industrie de Hanovre\n<br\/> 2025\/ 03\/ 31~04\/4\n<br\/>Messegel\u00e4nde 30521 Hannover Allemagne<\/p><\/div><\/div>\t\t\t\t<\/div>\n\t\t\t\t<\/div>\n\t\t\t\t<div class=\"elementor-element elementor-element-202a53e elementor-position-left elementor-vertical-align-top elementor-widget elementor-widget-image-box\" data-id=\"202a53e\" data-element_type=\"widget\" data-widget_type=\"image-box.default\">\n\t\t\t\t<div class=\"elementor-widget-container\">\n\t\t\t\t\t<div class=\"elementor-image-box-wrapper\"><figure class=\"elementor-image-box-img\"><img decoding=\"async\" width=\"278\" height=\"281\" src=\"https:\/\/www.keep-win.com\/wp-content\/uploads\/2024\/11\/NEFTEGAZ.png\" class=\"attachment-full size-full wp-image-1364\" alt=\"\" srcset=\"https:\/\/www.keep-win.com\/wp-content\/uploads\/2024\/11\/NEFTEGAZ.png 278w, https:\/\/www.keep-win.com\/wp-content\/uploads\/2024\/11\/NEFTEGAZ-100x100.png 100w\" sizes=\"(max-width: 278px) 100vw, 278px\" \/><\/figure><div class=\"elementor-image-box-content\"><h3 class=\"elementor-image-box-title\">NEFTEGAZ<\/h3><p class=\"elementor-image-box-description\">Salon international du p\u00e9trole et du gaz de Moscou \n<br\/> 2025\/ 04\/ 14~04\/17\n<br\/>Krasnopresnenskaya Naberezhnaya, 14, Moscou, <\/p><\/div><\/div>\t\t\t\t<\/div>\n\t\t\t\t<\/div>\n\t\t\t\t<div class=\"elementor-element elementor-element-651342b elementor-position-left elementor-vertical-align-top elementor-widget elementor-widget-image-box\" data-id=\"651342b\" data-element_type=\"widget\" data-widget_type=\"image-box.default\">\n\t\t\t\t<div class=\"elementor-widget-container\">\n\t\t\t\t\t<div class=\"elementor-image-box-wrapper\"><figure class=\"elementor-image-box-img\"><img decoding=\"async\" width=\"278\" height=\"312\" src=\"https:\/\/www.keep-win.com\/wp-content\/uploads\/2024\/11\/CIEF.png\" class=\"attachment-full size-full wp-image-1360\" alt=\"\" srcset=\"https:\/\/www.keep-win.com\/wp-content\/uploads\/2024\/11\/CIEF.png 278w, https:\/\/www.keep-win.com\/wp-content\/uploads\/2024\/11\/CIEF-267x300.png 267w\" sizes=\"(max-width: 278px) 100vw, 278px\" \/><\/figure><div class=\"elementor-image-box-content\"><h3 class=\"elementor-image-box-title\">Foire de Canton<\/h3><p class=\"elementor-image-box-description\">Salon des importations et des exportations de Chine \n<br\/> 2025\/ 10\/ 15~11\/4\n<br\/>Ville de Guangzhou, province de Guangdong, Chine<\/p><\/div><\/div>\t\t\t\t<\/div>\n\t\t\t\t<\/div>\n\t\t\t\t<div class=\"elementor-element elementor-element-94bc7e7 elementor-position-left elementor-vertical-align-top elementor-widget elementor-widget-image-box\" data-id=\"94bc7e7\" data-element_type=\"widget\" data-widget_type=\"image-box.default\">\n\t\t\t\t<div class=\"elementor-widget-container\">\n\t\t\t\t\t<div class=\"elementor-image-box-wrapper\"><figure class=\"elementor-image-box-img\"><img loading=\"lazy\" decoding=\"async\" width=\"278\" height=\"281\" src=\"https:\/\/www.keep-win.com\/wp-content\/uploads\/2024\/11\/PCVEXPO.png\" class=\"attachment-full size-full wp-image-1365\" alt=\"\" srcset=\"https:\/\/www.keep-win.com\/wp-content\/uploads\/2024\/11\/PCVEXPO.png 278w, https:\/\/www.keep-win.com\/wp-content\/uploads\/2024\/11\/PCVEXPO-100x100.png 100w\" sizes=\"(max-width: 278px) 100vw, 278px\" \/><\/figure><div class=\"elementor-image-box-content\"><h3 class=\"elementor-image-box-title\">PCVEXPO<\/h3><p class=\"elementor-image-box-description\">Salon international des pompes, vannes et compresseurs de Russie et de Moscou\n<br\/> 2024\/ 10\/ 21~10\/23\n<br\/> Mezhdunarodnaya Ulitsa, 16, Krasnogorsk, Oblast de Moscou<\/p><\/div><\/div>\t\t\t\t<\/div>\n\t\t\t\t<\/div>\n\t\t\t\t<div class=\"elementor-element elementor-element-9491e31 elementor-position-left elementor-vertical-align-top elementor-widget elementor-widget-image-box\" data-id=\"9491e31\" data-element_type=\"widget\" data-widget_type=\"image-box.default\">\n\t\t\t\t<div class=\"elementor-widget-container\">\n\t\t\t\t\t<div class=\"elementor-image-box-wrapper\"><figure class=\"elementor-image-box-img\"><img loading=\"lazy\" decoding=\"async\" width=\"278\" height=\"281\" src=\"https:\/\/www.keep-win.com\/wp-content\/uploads\/2024\/11\/MITEX.png\" class=\"attachment-full size-full wp-image-1363\" alt=\"\" srcset=\"https:\/\/www.keep-win.com\/wp-content\/uploads\/2024\/11\/MITEX.png 278w, https:\/\/www.keep-win.com\/wp-content\/uploads\/2024\/11\/MITEX-100x100.png 100w\" sizes=\"(max-width: 278px) 100vw, 278px\" \/><\/figure><div class=\"elementor-image-box-content\"><h3 class=\"elementor-image-box-title\">MITEX<\/h3><p class=\"elementor-image-box-description\">Salon international de la quincaillerie et de l'outillage de Moscou \n<br\/> 2024\/ 11\/ 5~11\/8\n<br\/>Krasnopresnenskaya Naberezhnaya, 14, Moscou, <\/p><\/div><\/div>\t\t\t\t<\/div>\n\t\t\t\t<\/div>\n\t\t\t\t<div class=\"elementor-element elementor-element-48fae10 elementor-position-left elementor-vertical-align-top elementor-widget elementor-widget-image-box\" data-id=\"48fae10\" data-element_type=\"widget\" data-widget_type=\"image-box.default\">\n\t\t\t\t<div class=\"elementor-widget-container\">\n\t\t\t\t\t<div class=\"elementor-image-box-wrapper\"><figure class=\"elementor-image-box-img\"><img loading=\"lazy\" decoding=\"async\" width=\"278\" height=\"312\" src=\"https:\/\/www.keep-win.com\/wp-content\/uploads\/2024\/11\/Comvac.png\" class=\"attachment-full size-full wp-image-1361\" alt=\"\" srcset=\"https:\/\/www.keep-win.com\/wp-content\/uploads\/2024\/11\/Comvac.png 278w, https:\/\/www.keep-win.com\/wp-content\/uploads\/2024\/11\/Comvac-267x300.png 267w\" sizes=\"(max-width: 278px) 100vw, 278px\" \/><\/figure><div class=\"elementor-image-box-content\"><h3 class=\"elementor-image-box-title\">ComVac<\/h3><p class=\"elementor-image-box-description\">Exposition de Shanghai sur les compresseurs et les \u00e9quipements\n<br\/> 2025\/ 11\/ 5~11\/8\n<br\/>Nouveau centre international d'exposition de Shanghai<\/p><\/div><\/div>\t\t\t\t<\/div>\n\t\t\t\t<\/div>\n\t\t\t\t<\/div>\n\t\t\t\t\t<\/div>\n\t\t\t\t<\/div>\n\t\t\t\t<\/div>","protected":false},"excerpt":{"rendered":"<p>Avoir une communication face \u00e0 face Vous voulez discuter de vos d\u00e9fis en mati\u00e8re de compression de gaz face \u00e0 face ? Rejoignez-nous lors d'une exposition et trouvons ensemble la solution id\u00e9ale. Nos experts sont pr\u00eats \u00e0 vous fournir des recommandations personnalis\u00e9es adapt\u00e9es \u00e0 vos besoins sp\u00e9cifiques. Ne manquez pas cette occasion de nous rencontrer et de d\u00e9couvrir nos derni\u00e8res innovations. HANNOVER MESSE Allemagne [...]<\/p>","protected":false},"author":1,"featured_media":0,"parent":108,"menu_order":0,"comment_status":"closed","ping_status":"closed","template":"elementor_header_footer","meta":{"footnotes":""},"class_list":["post-1347","page","type-page","status-publish","hentry"],"yoast_head":"<!-- This site is optimized with the Yoast SEO Premium plugin v24.4 (Yoast SEO v25.4) - https:\/\/yoast.com\/wordpress\/plugins\/seo\/ -->\n<title>China Supplier &amp; Manufacturer Exhibition - Keepwin | Indurstrial Gas Compressor | Diaphragm Compressor | Piston Air Compressor<\/title>\n<meta name=\"description\" content=\"%keepwin@keep-win.comWant to discuss your gas compression challenges face-to-face? Join us at an exhibition\" \/>\n<meta name=\"robots\" content=\"index, follow, max-snippet:-1, max-image-preview:large, max-video-preview:-1\" \/>\n<link rel=\"canonical\" href=\"https:\/\/www.keep-win.com\/fr\/contactez-nous\/exposition\/\" \/>\n<meta property=\"og:locale\" content=\"fr_FR\" \/>\n<meta property=\"og:type\" content=\"article\" \/>\n<meta property=\"og:title\" content=\"Exhibition\" \/>\n<meta property=\"og:description\" content=\"%keepwin@keep-win.comWant to discuss your gas compression challenges face-to-face? Join us at an exhibition\" \/>\n<meta property=\"og:url\" content=\"https:\/\/www.keep-win.com\/fr\/contactez-nous\/exposition\/\" \/>\n<meta property=\"og:site_name\" content=\"Keepwin | Indurstrial Gas Compressor | Diaphragm Compressor | Piston Air Compressor\" \/>\n<meta property=\"article:modified_time\" content=\"2024-11-15T09:16:39+00:00\" \/>\n<meta property=\"og:image\" content=\"https:\/\/www.keep-win.com\/wp-content\/uploads\/2024\/11\/Hannover.png\" \/>\n<meta name=\"twitter:card\" content=\"summary_large_image\" \/>\n<meta name=\"twitter:label1\" content=\"Dur\u00e9e de lecture estim\u00e9e\" \/>\n\t<meta name=\"twitter:data1\" content=\"2 minutes\" \/>\n<script type=\"application\/ld+json\" class=\"yoast-schema-graph\">{\"@context\":\"https:\/\/schema.org\",\"@graph\":[{\"@type\":\"WebPage\",\"@id\":\"https:\/\/www.keep-win.com\/ko\/%eb%ac%b8%ec%9d%98%ed%95%98%ea%b8%b0\/%ec%a0%84%ec%8b%9c%ed%9a%8c\/\",\"url\":\"https:\/\/www.keep-win.com\/ko\/%eb%ac%b8%ec%9d%98%ed%95%98%ea%b8%b0\/%ec%a0%84%ec%8b%9c%ed%9a%8c\/\",\"name\":\"China Supplier & Manufacturer Exhibition - Keepwin | Indurstrial Gas Compressor | Diaphragm Compressor | Piston Air Compressor\",\"isPartOf\":{\"@id\":\"https:\/\/www.keep-win.com\/#website\"},\"primaryImageOfPage\":{\"@id\":\"https:\/\/www.keep-win.com\/ko\/%eb%ac%b8%ec%9d%98%ed%95%98%ea%b8%b0\/%ec%a0%84%ec%8b%9c%ed%9a%8c\/#primaryimage\"},\"image\":{\"@id\":\"https:\/\/www.keep-win.com\/ko\/%eb%ac%b8%ec%9d%98%ed%95%98%ea%b8%b0\/%ec%a0%84%ec%8b%9c%ed%9a%8c\/#primaryimage\"},\"thumbnailUrl\":\"https:\/\/www.keep-win.com\/wp-content\/uploads\/2024\/11\/Hannover.png\",\"datePublished\":\"2024-11-07T13:51:21+00:00\",\"dateModified\":\"2024-11-15T09:16:39+00:00\",\"description\":\"%keepwin@keep-win.comWant to discuss your gas compression challenges face-to-face? Join us at an exhibition\",\"breadcrumb\":{\"@id\":\"https:\/\/www.keep-win.com\/ko\/%eb%ac%b8%ec%9d%98%ed%95%98%ea%b8%b0\/%ec%a0%84%ec%8b%9c%ed%9a%8c\/#breadcrumb\"},\"inLanguage\":\"fr-FR\",\"potentialAction\":[{\"@type\":\"ReadAction\",\"target\":[\"https:\/\/www.keep-win.com\/ko\/%eb%ac%b8%ec%9d%98%ed%95%98%ea%b8%b0\/%ec%a0%84%ec%8b%9c%ed%9a%8c\/\"]}]},{\"@type\":\"ImageObject\",\"inLanguage\":\"fr-FR\",\"@id\":\"https:\/\/www.keep-win.com\/ko\/%eb%ac%b8%ec%9d%98%ed%95%98%ea%b8%b0\/%ec%a0%84%ec%8b%9c%ed%9a%8c\/#primaryimage\",\"url\":\"https:\/\/www.keep-win.com\/wp-content\/uploads\/2024\/11\/Hannover.png\",\"contentUrl\":\"https:\/\/www.keep-win.com\/wp-content\/uploads\/2024\/11\/Hannover.png\"},{\"@type\":\"BreadcrumbList\",\"@id\":\"https:\/\/www.keep-win.com\/ko\/%eb%ac%b8%ec%9d%98%ed%95%98%ea%b8%b0\/%ec%a0%84%ec%8b%9c%ed%9a%8c\/#breadcrumb\",\"itemListElement\":[{\"@type\":\"ListItem\",\"position\":1,\"name\":\"Home\",\"item\":\"https:\/\/www.keep-win.com\/\"},{\"@type\":\"ListItem\",\"position\":2,\"name\":\"Contact us\",\"item\":\"https:\/\/www.keep-win.com\/contact-us\/\"},{\"@type\":\"ListItem\",\"position\":3,\"name\":\"Exhibition\"}]},{\"@type\":\"WebSite\",\"@id\":\"https:\/\/www.keep-win.com\/#website\",\"url\":\"https:\/\/www.keep-win.com\/\",\"name\":\"Keepwin Compressor | Indurstrial Gas Compressor | Screw Air Compressor | Piston Air Compressor\",\"description\":\"Nitrogen Compressor Natural Comrpessor Reciprocating compressors\",\"publisher\":{\"@id\":\"https:\/\/www.keep-win.com\/#organization\"},\"potentialAction\":[{\"@type\":\"SearchAction\",\"target\":{\"@type\":\"EntryPoint\",\"urlTemplate\":\"https:\/\/www.keep-win.com\/?s={search_term_string}\"},\"query-input\":{\"@type\":\"PropertyValueSpecification\",\"valueRequired\":true,\"valueName\":\"search_term_string\"}}],\"inLanguage\":\"fr-FR\"},{\"@type\":\"Organization\",\"@id\":\"https:\/\/www.keep-win.com\/#organization\",\"name\":\"Keepwin Compressor | Indurstrial Gas Compressor | Screw Air Compressor | Piston Air Compressor\",\"url\":\"https:\/\/www.keep-win.com\/\",\"logo\":{\"@type\":\"ImageObject\",\"inLanguage\":\"fr-FR\",\"@id\":\"https:\/\/www.keep-win.com\/#\/schema\/logo\/image\/\",\"url\":\"https:\/\/keep-win.com\/wp-content\/uploads\/2024\/10\/20241119.png\",\"contentUrl\":\"https:\/\/keep-win.com\/wp-content\/uploads\/2024\/10\/20241119.png\",\"width\":1909,\"height\":736,\"caption\":\"Keepwin Compressor | Indurstrial Gas Compressor | Screw Air Compressor | Piston Air Compressor\"},\"image\":{\"@id\":\"https:\/\/www.keep-win.com\/#\/schema\/logo\/image\/\"}}]}<\/script>\n<!-- \/ Yoast SEO Premium plugin. -->","yoast_head_json":{"title":"China Supplier & Manufacturer Exhibition - Keepwin | Indurstrial Gas Compressor | Diaphragm Compressor | Piston Air Compressor","description":"%keepwin@keep-win.comWant to discuss your gas compression challenges face-to-face? Join us at an exhibition","robots":{"index":"index","follow":"follow","max-snippet":"max-snippet:-1","max-image-preview":"max-image-preview:large","max-video-preview":"max-video-preview:-1"},"canonical":"https:\/\/www.keep-win.com\/fr\/contactez-nous\/exposition\/","og_locale":"fr_FR","og_type":"article","og_title":"Exhibition","og_description":"%keepwin@keep-win.comWant to discuss your gas compression challenges face-to-face? Join us at an exhibition","og_url":"https:\/\/www.keep-win.com\/fr\/contactez-nous\/exposition\/","og_site_name":"Keepwin | Indurstrial Gas Compressor | Diaphragm Compressor | Piston Air Compressor","article_modified_time":"2024-11-15T09:16:39+00:00","og_image":[{"url":"https:\/\/www.keep-win.com\/wp-content\/uploads\/2024\/11\/Hannover.png","type":"","width":"","height":""}],"twitter_card":"summary_large_image","twitter_misc":{"Dur\u00e9e de lecture estim\u00e9e":"2 minutes"},"schema":{"@context":"https:\/\/schema.org","@graph":[{"@type":"WebPage","@id":"https:\/\/www.keep-win.com\/ko\/%eb%ac%b8%ec%9d%98%ed%95%98%ea%b8%b0\/%ec%a0%84%ec%8b%9c%ed%9a%8c\/","url":"https:\/\/www.keep-win.com\/ko\/%eb%ac%b8%ec%9d%98%ed%95%98%ea%b8%b0\/%ec%a0%84%ec%8b%9c%ed%9a%8c\/","name":"China Supplier & Manufacturer Exhibition - Keepwin | Indurstrial Gas Compressor | Diaphragm Compressor | Piston Air Compressor","isPartOf":{"@id":"https:\/\/www.keep-win.com\/#website"},"primaryImageOfPage":{"@id":"https:\/\/www.keep-win.com\/ko\/%eb%ac%b8%ec%9d%98%ed%95%98%ea%b8%b0\/%ec%a0%84%ec%8b%9c%ed%9a%8c\/#primaryimage"},"image":{"@id":"https:\/\/www.keep-win.com\/ko\/%eb%ac%b8%ec%9d%98%ed%95%98%ea%b8%b0\/%ec%a0%84%ec%8b%9c%ed%9a%8c\/#primaryimage"},"thumbnailUrl":"https:\/\/www.keep-win.com\/wp-content\/uploads\/2024\/11\/Hannover.png","datePublished":"2024-11-07T13:51:21+00:00","dateModified":"2024-11-15T09:16:39+00:00","description":"%keepwin@keep-win.comWant to discuss your gas compression challenges face-to-face? Join us at an exhibition","breadcrumb":{"@id":"https:\/\/www.keep-win.com\/ko\/%eb%ac%b8%ec%9d%98%ed%95%98%ea%b8%b0\/%ec%a0%84%ec%8b%9c%ed%9a%8c\/#breadcrumb"},"inLanguage":"fr-FR","potentialAction":[{"@type":"ReadAction","target":["https:\/\/www.keep-win.com\/ko\/%eb%ac%b8%ec%9d%98%ed%95%98%ea%b8%b0\/%ec%a0%84%ec%8b%9c%ed%9a%8c\/"]}]},{"@type":"ImageObject","inLanguage":"fr-FR","@id":"https:\/\/www.keep-win.com\/ko\/%eb%ac%b8%ec%9d%98%ed%95%98%ea%b8%b0\/%ec%a0%84%ec%8b%9c%ed%9a%8c\/#primaryimage","url":"https:\/\/www.keep-win.com\/wp-content\/uploads\/2024\/11\/Hannover.png","contentUrl":"https:\/\/www.keep-win.com\/wp-content\/uploads\/2024\/11\/Hannover.png"},{"@type":"BreadcrumbList","@id":"https:\/\/www.keep-win.com\/ko\/%eb%ac%b8%ec%9d%98%ed%95%98%ea%b8%b0\/%ec%a0%84%ec%8b%9c%ed%9a%8c\/#breadcrumb","itemListElement":[{"@type":"ListItem","position":1,"name":"Home","item":"https:\/\/www.keep-win.com\/"},{"@type":"ListItem","position":2,"name":"Contact us","item":"https:\/\/www.keep-win.com\/contact-us\/"},{"@type":"ListItem","position":3,"name":"Exhibition"}]},{"@type":"WebSite","@id":"https:\/\/www.keep-win.com\/#website","url":"https:\/\/www.keep-win.com\/","name":"Keepwin Compressor | Indurstrial Gas Compressor | Screw Air Compressor | Piston Air Compressor","description":"Nitrogen Compressor Natural Comrpessor Reciprocating compressors","publisher":{"@id":"https:\/\/www.keep-win.com\/#organization"},"potentialAction":[{"@type":"SearchAction","target":{"@type":"EntryPoint","urlTemplate":"https:\/\/www.keep-win.com\/?s={search_term_string}"},"query-input":{"@type":"PropertyValueSpecification","valueRequired":true,"valueName":"search_term_string"}}],"inLanguage":"fr-FR"},{"@type":"Organization","@id":"https:\/\/www.keep-win.com\/#organization","name":"Keepwin Compressor | Indurstrial Gas Compressor | Screw Air Compressor | Piston Air Compressor","url":"https:\/\/www.keep-win.com\/","logo":{"@type":"ImageObject","inLanguage":"fr-FR","@id":"https:\/\/www.keep-win.com\/#\/schema\/logo\/image\/","url":"https:\/\/keep-win.com\/wp-content\/uploads\/2024\/10\/20241119.png","contentUrl":"https:\/\/keep-win.com\/wp-content\/uploads\/2024\/10\/20241119.png","width":1909,"height":736,"caption":"Keepwin Compressor | Indurstrial Gas Compressor | Screw Air Compressor | Piston Air Compressor"},"image":{"@id":"https:\/\/www.keep-win.com\/#\/schema\/logo\/image\/"}}]}},"_links":{"self":[{"href":"https:\/\/www.keep-win.com\/fr\/wp-json\/wp\/v2\/pages\/1347","targetHints":{"allow":["GET"]}}],"collection":[{"href":"https:\/\/www.keep-win.com\/fr\/wp-json\/wp\/v2\/pages"}],"about":[{"href":"https:\/\/www.keep-win.com\/fr\/wp-json\/wp\/v2\/types\/page"}],"author":[{"embeddable":true,"href":"https:\/\/www.keep-win.com\/fr\/wp-json\/wp\/v2\/users\/1"}],"replies":[{"embeddable":true,"href":"https:\/\/www.keep-win.com\/fr\/wp-json\/wp\/v2\/comments?post=1347"}],"version-history":[{"count":0,"href":"https:\/\/www.keep-win.com\/fr\/wp-json\/wp\/v2\/pages\/1347\/revisions"}],"up":[{"embeddable":true,"href":"https:\/\/www.keep-win.com\/fr\/wp-json\/wp\/v2\/pages\/108"}],"wp:attachment":[{"href":"https:\/\/www.keep-win.com\/fr\/wp-json\/wp\/v2\/media?parent=1347"}],"curies":[{"name":"wp","href":"https:\/\/api.w.org\/{rel}","templated":true}]}}