{"id":2760,"date":"2025-05-05T13:00:08","date_gmt":"2025-05-05T05:00:08","guid":{"rendered":"https:\/\/keep-win.com\/?page_id=2760"},"modified":"2025-05-05T13:00:08","modified_gmt":"2025-05-05T05:00:08","slug":"privacidad","status":"publish","type":"page","link":"https:\/\/www.keep-win.com\/es\/privacidad\/","title":{"rendered":"Privacidad"},"content":{"rendered":"<h2 class=\"wp-block-heading\">Cookies<\/h2>\r\n\r\n\r\n\r\n<p class=\"\" data-start=\"64\" data-end=\"242\">Utilizamos cookies para mejorar su experiencia. Si deja un comentario, puede elegir guardar su nombre, correo electr\u00f3nico y sitio web en cookies para su comodidad en el futuro.<\/p>\r\n<p class=\"\" data-start=\"244\" data-end=\"386\">Cuando visita nuestra p\u00e1gina de inicio de sesi\u00f3n, una cookie temporal comprueba si su navegador acepta cookies. Esta cookie se descarta al cerrar el navegador.<\/p>\r\n<p class=\"\" data-start=\"388\" data-end=\"545\">Las cookies de inicio de sesi\u00f3n duran dos d\u00edas (o dos semanas si se selecciona \"Recordarme\"). Las cookies de preferencias de visualizaci\u00f3n duran un a\u00f1o. Al cerrar la sesi\u00f3n se eliminan las cookies de inicio de sesi\u00f3n.<\/p>\r\n<p class=\"\" data-start=\"547\" data-end=\"683\">Al editar o publicar contenidos, una cookie de corta duraci\u00f3n (un d\u00eda) almacena el ID de la entrada en la que ha trabajado, sin incluir datos personales.<\/p>\r\n\r\n\r\n\r\n<p>&nbsp;<\/p>\r\n\r\n<p>&nbsp;<\/p>","protected":false},"excerpt":{"rendered":"<p>Cookies We use cookies to improve your experience. If you leave a comment, you can choose to save your name, email, and website in cookies for future convenience\u2014these last for one year. When visiting our login page, a temporary cookie checks if your browser accepts cookies. This cookie is discarded when you close your browser. [&hellip;]<\/p>","protected":false},"author":1,"featured_media":0,"parent":0,"menu_order":0,"comment_status":"closed","ping_status":"closed","template":"","meta":{"footnotes":""},"class_list":["post-2760","page","type-page","status-publish","hentry"],"yoast_head":"<!-- This site is optimized with the Yoast SEO Premium plugin v24.4 (Yoast SEO v25.4) - https:\/\/yoast.com\/wordpress\/plugins\/seo\/ -->\n<title>China Supplier &amp; Manufacturer Privicy - Keepwin | Indurstrial Gas Compressor | Diaphragm Compressor | Piston Air Compressor<\/title>\n<meta name=\"description\" content=\"%keepwin@keep-win.com\" \/>\n<meta name=\"robots\" content=\"index, follow, max-snippet:-1, max-image-preview:large, max-video-preview:-1\" \/>\n<link rel=\"canonical\" href=\"https:\/\/www.keep-win.com\/es\/privacidad\/\" \/>\n<meta property=\"og:locale\" content=\"es_ES\" \/>\n<meta property=\"og:type\" content=\"article\" \/>\n<meta property=\"og:title\" content=\"Privicy\" \/>\n<meta property=\"og:description\" content=\"%keepwin@keep-win.com\" \/>\n<meta property=\"og:url\" content=\"https:\/\/www.keep-win.com\/es\/privacidad\/\" \/>\n<meta property=\"og:site_name\" content=\"Keepwin | Indurstrial Gas Compressor | Diaphragm Compressor | Piston Air Compressor\" \/>\n<meta name=\"twitter:card\" content=\"summary_large_image\" \/>\n<meta name=\"twitter:label1\" content=\"Tiempo de lectura\" \/>\n\t<meta name=\"twitter:data1\" content=\"1 minuto\" \/>\n<script type=\"application\/ld+json\" class=\"yoast-schema-graph\">{\"@context\":\"https:\/\/schema.org\",\"@graph\":[{\"@type\":\"WebPage\",\"@id\":\"https:\/\/www.keep-win.com\/pt\/privacidade\/\",\"url\":\"https:\/\/www.keep-win.com\/pt\/privacidade\/\",\"name\":\"China Supplier & Manufacturer Privicy - Keepwin | Indurstrial Gas Compressor | Diaphragm Compressor | Piston Air Compressor\",\"isPartOf\":{\"@id\":\"https:\/\/www.keep-win.com\/#website\"},\"datePublished\":\"2025-05-05T05:00:08+00:00\",\"description\":\"%keepwin@keep-win.com\",\"breadcrumb\":{\"@id\":\"https:\/\/www.keep-win.com\/pt\/privacidade\/#breadcrumb\"},\"inLanguage\":\"es\",\"potentialAction\":[{\"@type\":\"ReadAction\",\"target\":[\"https:\/\/www.keep-win.com\/pt\/privacidade\/\"]}]},{\"@type\":\"BreadcrumbList\",\"@id\":\"https:\/\/www.keep-win.com\/pt\/privacidade\/#breadcrumb\",\"itemListElement\":[{\"@type\":\"ListItem\",\"position\":1,\"name\":\"Home\",\"item\":\"https:\/\/www.keep-win.com\/\"},{\"@type\":\"ListItem\",\"position\":2,\"name\":\"Privicy\"}]},{\"@type\":\"WebSite\",\"@id\":\"https:\/\/www.keep-win.com\/#website\",\"url\":\"https:\/\/www.keep-win.com\/\",\"name\":\"Keepwin Compressor | Indurstrial Gas Compressor | Screw Air Compressor | Piston Air Compressor\",\"description\":\"Nitrogen Compressor Natural Comrpessor Reciprocating compressors\",\"publisher\":{\"@id\":\"https:\/\/www.keep-win.com\/#organization\"},\"potentialAction\":[{\"@type\":\"SearchAction\",\"target\":{\"@type\":\"EntryPoint\",\"urlTemplate\":\"https:\/\/www.keep-win.com\/?s={search_term_string}\"},\"query-input\":{\"@type\":\"PropertyValueSpecification\",\"valueRequired\":true,\"valueName\":\"search_term_string\"}}],\"inLanguage\":\"es\"},{\"@type\":\"Organization\",\"@id\":\"https:\/\/www.keep-win.com\/#organization\",\"name\":\"Keepwin Compressor | Indurstrial Gas Compressor | Screw Air Compressor | Piston Air Compressor\",\"url\":\"https:\/\/www.keep-win.com\/\",\"logo\":{\"@type\":\"ImageObject\",\"inLanguage\":\"es\",\"@id\":\"https:\/\/www.keep-win.com\/#\/schema\/logo\/image\/\",\"url\":\"https:\/\/keep-win.com\/wp-content\/uploads\/2024\/10\/20241119.png\",\"contentUrl\":\"https:\/\/keep-win.com\/wp-content\/uploads\/2024\/10\/20241119.png\",\"width\":1909,\"height\":736,\"caption\":\"Keepwin Compressor | Indurstrial Gas Compressor | Screw Air Compressor | Piston Air Compressor\"},\"image\":{\"@id\":\"https:\/\/www.keep-win.com\/#\/schema\/logo\/image\/\"}}]}<\/script>\n<!-- \/ Yoast SEO Premium plugin. -->","yoast_head_json":{"title":"China Supplier & Manufacturer Privicy - Keepwin | Indurstrial Gas Compressor | Diaphragm Compressor | Piston Air Compressor","description":"%keepwin@keep-win.com","robots":{"index":"index","follow":"follow","max-snippet":"max-snippet:-1","max-image-preview":"max-image-preview:large","max-video-preview":"max-video-preview:-1"},"canonical":"https:\/\/www.keep-win.com\/es\/privacidad\/","og_locale":"es_ES","og_type":"article","og_title":"Privicy","og_description":"%keepwin@keep-win.com","og_url":"https:\/\/www.keep-win.com\/es\/privacidad\/","og_site_name":"Keepwin | Indurstrial Gas Compressor | Diaphragm Compressor | Piston Air Compressor","twitter_card":"summary_large_image","twitter_misc":{"Tiempo de lectura":"1 minuto"},"schema":{"@context":"https:\/\/schema.org","@graph":[{"@type":"WebPage","@id":"https:\/\/www.keep-win.com\/pt\/privacidade\/","url":"https:\/\/www.keep-win.com\/pt\/privacidade\/","name":"China Supplier & Manufacturer Privicy - Keepwin | Indurstrial Gas Compressor | Diaphragm Compressor | Piston Air Compressor","isPartOf":{"@id":"https:\/\/www.keep-win.com\/#website"},"datePublished":"2025-05-05T05:00:08+00:00","description":"%keepwin@keep-win.com","breadcrumb":{"@id":"https:\/\/www.keep-win.com\/pt\/privacidade\/#breadcrumb"},"inLanguage":"es","potentialAction":[{"@type":"ReadAction","target":["https:\/\/www.keep-win.com\/pt\/privacidade\/"]}]},{"@type":"BreadcrumbList","@id":"https:\/\/www.keep-win.com\/pt\/privacidade\/#breadcrumb","itemListElement":[{"@type":"ListItem","position":1,"name":"Home","item":"https:\/\/www.keep-win.com\/"},{"@type":"ListItem","position":2,"name":"Privicy"}]},{"@type":"WebSite","@id":"https:\/\/www.keep-win.com\/#website","url":"https:\/\/www.keep-win.com\/","name":"Keepwin Compressor | Indurstrial Gas Compressor | Screw Air Compressor | Piston Air Compressor","description":"Nitrogen Compressor Natural Comrpessor Reciprocating compressors","publisher":{"@id":"https:\/\/www.keep-win.com\/#organization"},"potentialAction":[{"@type":"SearchAction","target":{"@type":"EntryPoint","urlTemplate":"https:\/\/www.keep-win.com\/?s={search_term_string}"},"query-input":{"@type":"PropertyValueSpecification","valueRequired":true,"valueName":"search_term_string"}}],"inLanguage":"es"},{"@type":"Organization","@id":"https:\/\/www.keep-win.com\/#organization","name":"Keepwin Compressor | Indurstrial Gas Compressor | Screw Air Compressor | Piston Air Compressor","url":"https:\/\/www.keep-win.com\/","logo":{"@type":"ImageObject","inLanguage":"es","@id":"https:\/\/www.keep-win.com\/#\/schema\/logo\/image\/","url":"https:\/\/keep-win.com\/wp-content\/uploads\/2024\/10\/20241119.png","contentUrl":"https:\/\/keep-win.com\/wp-content\/uploads\/2024\/10\/20241119.png","width":1909,"height":736,"caption":"Keepwin Compressor | Indurstrial Gas Compressor | Screw Air Compressor | Piston Air Compressor"},"image":{"@id":"https:\/\/www.keep-win.com\/#\/schema\/logo\/image\/"}}]}},"_links":{"self":[{"href":"https:\/\/www.keep-win.com\/es\/wp-json\/wp\/v2\/pages\/2760","targetHints":{"allow":["GET"]}}],"collection":[{"href":"https:\/\/www.keep-win.com\/es\/wp-json\/wp\/v2\/pages"}],"about":[{"href":"https:\/\/www.keep-win.com\/es\/wp-json\/wp\/v2\/types\/page"}],"author":[{"embeddable":true,"href":"https:\/\/www.keep-win.com\/es\/wp-json\/wp\/v2\/users\/1"}],"replies":[{"embeddable":true,"href":"https:\/\/www.keep-win.com\/es\/wp-json\/wp\/v2\/comments?post=2760"}],"version-history":[{"count":1,"href":"https:\/\/www.keep-win.com\/es\/wp-json\/wp\/v2\/pages\/2760\/revisions"}],"predecessor-version":[{"id":2761,"href":"https:\/\/www.keep-win.com\/es\/wp-json\/wp\/v2\/pages\/2760\/revisions\/2761"}],"wp:attachment":[{"href":"https:\/\/www.keep-win.com\/es\/wp-json\/wp\/v2\/media?parent=2760"}],"curies":[{"name":"wp","href":"https:\/\/api.w.org\/{rel}","templated":true}]}}